{"id":5057,"date":"2021-07-06T15:05:59","date_gmt":"2021-07-06T13:05:59","guid":{"rendered":"http:\/\/vaxjofria.se\/campus-kista\/?page_id=5057"},"modified":"2026-04-27T10:39:40","modified_gmt":"2026-04-27T08:39:40","slug":"ansokan","status":"publish","type":"page","link":"https:\/\/vaxjofria.se\/vuxenutbildning\/ansokan\/","title":{"rendered":"Ans\u00f6kan"},"content":{"rendered":"<p>V\u00e5rt uppdrag p\u00e5 V\u00e4xj\u00f6 Fria Vuxenutbildning \u00e4r att vara utbildningsanordnare \u00e5t V\u00e4xj\u00f6 kommun. Det \u00e4r kommunen som best\u00e4mmer vilka utbildningar som \u00e4r \u00f6ppna f\u00f6r antagning och hur m\u00e5nga som antas. Du g\u00f6r din ans\u00f6kan via V\u00e4xj\u00f6 kommuns hemsida.<\/p>\n<p><a class=\"btn btn-default btn-xs\" href=\"https:\/\/education.service.tieto.com\/AdultApplication.Student\/#\/search-offering\/kv?domain=vaxjoedu\" target=\"_blank\" rel=\"noopener\">L\u00e4nk till ans\u00f6kan<\/a><\/p>\n<p>F\u00f6r att g\u00f6ra din ans\u00f6kan g\u00e5r du till fliken &#8221;Utbud&#8221; och v\u00e4ljer <strong>V\u00e4xj\u00f6 Fria Vuxenutbildning <\/strong>under &#8221;Skola&#8221;.<\/p>\n<hr \/>\n<h3>Bes\u00f6k oss<\/h3>\n<p>Vi tar g\u00e4rna emot dig p\u00e5 studiebes\u00f6k d\u00e4r vi visar v\u00e5ra fina lokaler och ber\u00e4ttar om v\u00e5rt uppl\u00e4gg f\u00f6r undervisning och l\u00e4romaterial. Du f\u00e5r \u00e4ven tr\u00e4ffa v\u00e5ra trevliga l\u00e4rare.<\/p>\n<p>Skicka ett mail till <a href=\"mailto:infovux@vaxjofria.se\">infovux@vaxjofria.se<\/a> s\u00e5 \u00e5terkommer vi med f\u00f6rslag p\u00e5 tid.<\/p>\n","protected":false},"excerpt":{"rendered":"<p>V\u00e5rt uppdrag p\u00e5 V\u00e4xj\u00f6 Fria Vuxenutbildning \u00e4r att vara utbildningsanordnare \u00e5t V\u00e4xj\u00f6 kommun. Det \u00e4r kommunen som best\u00e4mmer vilka utbildningar som \u00e4r \u00f6ppna f\u00f6r antagning och hur m\u00e5nga som antas. Du g\u00f6r din ans\u00f6kan via V\u00e4xj\u00f6 kommuns hemsida. L\u00e4nk till&#8230;<\/p>\n","protected":false},"author":1,"featured_media":0,"parent":0,"menu_order":0,"comment_status":"closed","ping_status":"closed","template":"","meta":{"footnotes":""},"class_list":["post-5057","page","type-page","status-publish","hentry"],"acf":[],"_links":{"self":[{"href":"https:\/\/vaxjofria.se\/vuxenutbildning\/wp-json\/wp\/v2\/pages\/5057","targetHints":{"allow":["GET"]}}],"collection":[{"href":"https:\/\/vaxjofria.se\/vuxenutbildning\/wp-json\/wp\/v2\/pages"}],"about":[{"href":"https:\/\/vaxjofria.se\/vuxenutbildning\/wp-json\/wp\/v2\/types\/page"}],"author":[{"embeddable":true,"href":"https:\/\/vaxjofria.se\/vuxenutbildning\/wp-json\/wp\/v2\/users\/1"}],"replies":[{"embeddable":true,"href":"https:\/\/vaxjofria.se\/vuxenutbildning\/wp-json\/wp\/v2\/comments?post=5057"}],"version-history":[{"count":7,"href":"https:\/\/vaxjofria.se\/vuxenutbildning\/wp-json\/wp\/v2\/pages\/5057\/revisions"}],"predecessor-version":[{"id":13249,"href":"https:\/\/vaxjofria.se\/vuxenutbildning\/wp-json\/wp\/v2\/pages\/5057\/revisions\/13249"}],"wp:attachment":[{"href":"https:\/\/vaxjofria.se\/vuxenutbildning\/wp-json\/wp\/v2\/media?parent=5057"}],"curies":[{"name":"wp","href":"https:\/\/api.w.org\/{rel}","templated":true}]}}