{"id":9235,"date":"2023-04-14T12:48:41","date_gmt":"2023-04-14T10:48:41","guid":{"rendered":"https:\/\/vaxjofria.se\/gymnasium\/?page_id=9235"},"modified":"2025-10-23T10:39:50","modified_gmt":"2025-10-23T08:39:50","slug":"fotboll","status":"publish","type":"page","link":"https:\/\/vaxjofria.se\/gymnasium\/utbildningar\/idrott\/fotboll\/","title":{"rendered":"NIU\/T\u00e4vlingsidrott Fotboll"},"content":{"rendered":"<p>P\u00e5 V\u00e4xj\u00f6 Fria kan du kombinera din fotbollssatsning med gymnasiestudier genom att antingen v\u00e4lja <strong>NIU<\/strong> eller <strong>T\u00e4vlingsidrott<\/strong>. B\u00e5da alternativen g\u00e5r att kombinera med samtliga program p\u00e5 skolan.<\/p>\n<hr \/>\n<h3>NIU Fotboll<\/h3>\n<p>Med NIU Fotboll f\u00e5r du en gymnasieutbildning av h\u00f6g kvalitet samtidigt som du f\u00e5r m\u00f6jlighet att utvecklas som fotbollsspelare, en utbildningen som sker i samarbete med V\u00e4xj\u00f6 DFF. Att l\u00e4sa NIU p\u00e5 V\u00e4xj\u00f6 Fria Gymnasium inneb\u00e4r att du tre dagar i veckan f\u00e5r ut\u00f6va din idrott under skoltid tillsammans med likasinnade elever, samt f\u00e5r m\u00f6jlighet att delta p\u00e5 t\u00e4vlingar och l\u00e4ger.<\/p>\n<h5>\u00c4mnen<\/h5>\n<p>Du som v\u00e4ljer NIU kommer l\u00e4sa 400 po\u00e4ng inom \u00e4mnet Specialidrott f\u00f6rdelat \u00f6ver dina tre \u00e5r. Po\u00e4ngen utg\u00f6r dina individuella val-po\u00e4ng samt delar av din programf\u00f6rdjupning och best\u00e5r av \u00e4mnena Specialidrott 1\u20132 och Tr\u00e4nings- och t\u00e4vlingsl\u00e4ra niv\u00e5 1. NIU-utbildningen g\u00e5r att kombinera med samtliga program p\u00e5 V\u00e4xj\u00f6 Fria Gymnasium.<\/p>\n<h5>Tr\u00e4ning<\/h5>\n<p>Fotbollstr\u00e4ningarna \u00e4ger rum tre dagar i veckan p\u00e5 Arenastaden. Passen best\u00e5r av individuell-, taktisk-, teknik-, teoretisk- och fysisk tr\u00e4ning. Ansvariga tr\u00e4nare \u00e4r Matilda Bergstrand och Emil Ejermo som \u00e4ven jobbar som tr\u00e4nare f\u00f6r V\u00e4xj\u00f6 DFF.<br \/>\nMatilda \u00e4r \u00e4ven assisterande tr\u00e4nare f\u00f6r damallsvenskan och Emil \u00e4r huvudansvarig f\u00f6r F19.<\/p>\n<h5>Ans\u00f6kan<\/h5>\n<p>F\u00f6r att g\u00e5 NIU Fotboll p\u00e5 V\u00e4xj\u00f6 Fria Gymnasium kr\u00e4vs b\u00e5de en antagning till ett gymnasieprogram p\u00e5 skolan och en idrottsm\u00e4ssig antagning.<\/p>\n<p>Ans\u00f6kan till NIU g\u00f6rs via Svenska Fotbollsf\u00f6rbundet <strong>senast 1 december<\/strong>. Efter sista ans\u00f6kningsdatum f\u00e5r du en kallelse till uttagning via e-post eller brev som kommer \u00e4ga rum i december. Du f\u00e5r information om du har f\u00e5tt en NIU-plats i god tid innan det \u00e4r dags f\u00f6r ditt gymnasieval.<\/p>\n<hr \/>\n<h3>T\u00e4vlingsidrott Fotboll<\/h3>\n<p>Fokus ligger p\u00e5 utveckling av de individuell fotbollsegenskaperna och v\u00e4nder sig till dig som vill satsa p\u00e5 fotbollen och din skola.<\/p>\n<h5>Kurser<\/h5>\n<p>T\u00e4vlingsidrotten utg\u00f6r 200 po\u00e4ng av ditt individuella val och best\u00e5r av b\u00e5de praktisk och teoretisk undervisning inom T\u00e4vlingsidrott niv\u00e5 1 och 2 samt Idrott och h\u00e4lsa 2 specialisering. T\u00e4vlingsidrotten g\u00e5r att kombinera med samtliga program p\u00e5 V\u00e4xj\u00f6 Fria Gymnasium.<\/p>\n<h5>Tr\u00e4ning<\/h5>\n<p>Undervisningen i fotboll best\u00e5r av tv\u00e5 pass i vecka (onsdag och fredag) och tr\u00e4ningen \u00e4ger rum i Tipshallen och p\u00e5 V\u00e4rendsvallen. Ut\u00f6ver tr\u00e4ningen undervisas du i angr\u00e4nsande \u00e4mnen s\u00e5som utveckling av den kroppsliga f\u00f6rm\u00e5gan, organisation av barnverksamhet och planering, genomf\u00f6rande och analys av tr\u00e4ningsprogram. Ansvarig tr\u00e4nare \u00e4r Elin Karlsson, <em>elin.karlsson@vaxjofria.s<\/em>e och Linus Pettersson, <em>linus.pettersson@vaxjofria.se<\/em><\/p>\n<h5>Ans\u00f6kan<\/h5>\n<p>Valet av T\u00e4vlingsidrott g\u00f6rs i samband med ans\u00f6kan till gymnasiet <strong>senast 15 februari<\/strong>.<\/p>\n","protected":false},"excerpt":{"rendered":"<p>P\u00e5 V\u00e4xj\u00f6 Fria kan du kombinera din fotbollssatsning med gymnasiestudier genom att antingen v\u00e4lja NIU eller T\u00e4vlingsidrott. B\u00e5da alternativen g\u00e5r att kombinera med samtliga program p\u00e5 skolan. NIU Fotboll Med NIU Fotboll f\u00e5r du en gymnasieutbildning av h\u00f6g kvalitet samtidigt&#8230;<\/p>\n","protected":false},"author":85,"featured_media":0,"parent":4224,"menu_order":0,"comment_status":"closed","ping_status":"closed","template":"","meta":{"footnotes":""},"class_list":["post-9235","page","type-page","status-publish","hentry"],"acf":[],"_links":{"self":[{"href":"https:\/\/vaxjofria.se\/gymnasium\/wp-json\/wp\/v2\/pages\/9235","targetHints":{"allow":["GET"]}}],"collection":[{"href":"https:\/\/vaxjofria.se\/gymnasium\/wp-json\/wp\/v2\/pages"}],"about":[{"href":"https:\/\/vaxjofria.se\/gymnasium\/wp-json\/wp\/v2\/types\/page"}],"author":[{"embeddable":true,"href":"https:\/\/vaxjofria.se\/gymnasium\/wp-json\/wp\/v2\/users\/85"}],"replies":[{"embeddable":true,"href":"https:\/\/vaxjofria.se\/gymnasium\/wp-json\/wp\/v2\/comments?post=9235"}],"version-history":[{"count":7,"href":"https:\/\/vaxjofria.se\/gymnasium\/wp-json\/wp\/v2\/pages\/9235\/revisions"}],"predecessor-version":[{"id":10429,"href":"https:\/\/vaxjofria.se\/gymnasium\/wp-json\/wp\/v2\/pages\/9235\/revisions\/10429"}],"up":[{"embeddable":true,"href":"https:\/\/vaxjofria.se\/gymnasium\/wp-json\/wp\/v2\/pages\/4224"}],"wp:attachment":[{"href":"https:\/\/vaxjofria.se\/gymnasium\/wp-json\/wp\/v2\/media?parent=9235"}],"curies":[{"name":"wp","href":"https:\/\/api.w.org\/{rel}","templated":true}]}}