{"id":9233,"date":"2023-04-14T12:33:50","date_gmt":"2023-04-14T10:33:50","guid":{"rendered":"https:\/\/vaxjofria.se\/gymnasium\/?page_id=9233"},"modified":"2025-10-23T10:34:49","modified_gmt":"2025-10-23T08:34:49","slug":"ishockey","status":"publish","type":"page","link":"https:\/\/vaxjofria.se\/gymnasium\/utbildningar\/idrott\/ishockey\/","title":{"rendered":"NIU Ishockey"},"content":{"rendered":"<p>Med NIU Ishockey f\u00e5r du en gymnasieutbildning av h\u00f6g kvalitet samtidigt som du f\u00e5r m\u00f6jlighet att utvecklas som ishockeyspelare. Utbildningen sker i samarbete med V\u00e4xj\u00f6 Lakers och inneb\u00e4r att du tre dagar i veckan f\u00e5r ut\u00f6va din idrott under skoltid tillsammans med likasinnade elever. Du f\u00e5r \u00e4ven m\u00f6jlighet att delta p\u00e5 t\u00e4vlingar och l\u00e4ger.<\/p>\n<h3>\u00c4mnen<\/h3>\n<p>Du som v\u00e4ljer NIU kommer l\u00e4sa 400 p inom \u00e4mnet Specialidrott f\u00f6rdelat \u00f6ver<br \/>\ndina tre \u00e5r. Po\u00e4ngen utg\u00f6r dina individuella val-po\u00e4ng samt delar av din programf\u00f6rdjupning och best\u00e5r av kurserna Specialidrott niv\u00e5 1-2 och Tr\u00e4nings- och t\u00e4vlingsl\u00e4ra niv\u00e5 1. NIU-utbildningen g\u00e5r att kombinera med samtliga program p\u00e5 V\u00e4xj\u00f6 Fria Gymnasium.<\/p>\n<h3>Tr\u00e4ning<\/h3>\n<p>Ishockeytr\u00e4ningen \u00e4ger rum tre dagar i veckan i lokaler p\u00e5 Arenastaden, v\u00e4gg i v\u00e4gg med skolan. Passen best\u00e5r av individuell-, taktisk-, teknik-, teoretisk- och fysisk tr\u00e4ning.<\/p>\n<p>Mikael Eriksson \u00e4r ansvarig f\u00f6r NIU fr\u00e5n och med 1 augusti 2024. Mikael har efter sin elitkarri\u00e4r jobbat p\u00e5 TV4 och Svenska Ishockeyf\u00f6rbundet. Han var varit aktiv p\u00e5 elitniv\u00e5 mellan \u00e5ren 2005-2022 i klubbar som Karlskoga Bofors IK och V\u00e4xj\u00f6 Lakers.<\/p>\n<h3>Ans\u00f6kan<\/h3>\n<p>F\u00f6r att g\u00e5 NIU Ishockey p\u00e5 V\u00e4xj\u00f6 Fria Gymnasium kr\u00e4vs b\u00e5de en antagning till ett gymnasieprogram p\u00e5 skolan och en idrottsm\u00e4ssig antagning.<\/p>\n<p>Ans\u00f6kan till NIU g\u00f6rs via Svenska Ishockeyf\u00f6rbundet senast 1 december. Efter sista ans\u00f6kningsdatum f\u00e5r du en kallelse till uttagning via e-post eller brev som kommer \u00e4ga rum i december. Du f\u00e5r information om du har f\u00e5tt en NIU-plats i god tid innan det \u00e4r dags f\u00f6r ditt gymnasieval.<\/p>\n<p><strong>En film med information g\u00e4llande NIU Ishockey nedan<br \/>\n<\/strong><\/p>\n<div class=\"video-embed-container\"><iframe loading=\"lazy\" title=\"Introduktion till Nationell Idrottsutbildning Ishockey\" width=\"500\" height=\"281\" src=\"https:\/\/www.youtube.com\/embed\/-TGEACATc30?feature=oembed\" frameborder=\"0\" allow=\"accelerometer; autoplay; clipboard-write; encrypted-media; gyroscope; picture-in-picture; web-share\" referrerpolicy=\"strict-origin-when-cross-origin\" allowfullscreen><\/iframe><\/div>\n<p>&nbsp;<\/p>\n<p>&nbsp;<\/p>\n","protected":false},"excerpt":{"rendered":"<p>Med NIU Ishockey f\u00e5r du en gymnasieutbildning av h\u00f6g kvalitet samtidigt som du f\u00e5r m\u00f6jlighet att utvecklas som ishockeyspelare. Utbildningen sker i samarbete med V\u00e4xj\u00f6 Lakers och inneb\u00e4r att du tre dagar i veckan f\u00e5r ut\u00f6va din idrott under skoltid&#8230;<\/p>\n","protected":false},"author":85,"featured_media":0,"parent":4224,"menu_order":0,"comment_status":"closed","ping_status":"closed","template":"","meta":{"footnotes":""},"class_list":["post-9233","page","type-page","status-publish","hentry"],"acf":[],"_links":{"self":[{"href":"https:\/\/vaxjofria.se\/gymnasium\/wp-json\/wp\/v2\/pages\/9233","targetHints":{"allow":["GET"]}}],"collection":[{"href":"https:\/\/vaxjofria.se\/gymnasium\/wp-json\/wp\/v2\/pages"}],"about":[{"href":"https:\/\/vaxjofria.se\/gymnasium\/wp-json\/wp\/v2\/types\/page"}],"author":[{"embeddable":true,"href":"https:\/\/vaxjofria.se\/gymnasium\/wp-json\/wp\/v2\/users\/85"}],"replies":[{"embeddable":true,"href":"https:\/\/vaxjofria.se\/gymnasium\/wp-json\/wp\/v2\/comments?post=9233"}],"version-history":[{"count":7,"href":"https:\/\/vaxjofria.se\/gymnasium\/wp-json\/wp\/v2\/pages\/9233\/revisions"}],"predecessor-version":[{"id":10422,"href":"https:\/\/vaxjofria.se\/gymnasium\/wp-json\/wp\/v2\/pages\/9233\/revisions\/10422"}],"up":[{"embeddable":true,"href":"https:\/\/vaxjofria.se\/gymnasium\/wp-json\/wp\/v2\/pages\/4224"}],"wp:attachment":[{"href":"https:\/\/vaxjofria.se\/gymnasium\/wp-json\/wp\/v2\/media?parent=9233"}],"curies":[{"name":"wp","href":"https:\/\/api.w.org\/{rel}","templated":true}]}}