{"id":9218,"date":"2023-04-14T11:36:10","date_gmt":"2023-04-14T09:36:10","guid":{"rendered":"https:\/\/vaxjofria.se\/gymnasium\/?page_id=9218"},"modified":"2023-08-09T09:26:09","modified_gmt":"2023-08-09T07:26:09","slug":"elevintervju-janette","status":"publish","type":"page","link":"https:\/\/vaxjofria.se\/gymnasium\/utbildningar\/idrott\/elevintervju-janette\/","title":{"rendered":"Elevintervju Janette"},"content":{"rendered":"<p><strong>Vilken idrott ut\u00f6var du och hur l\u00e4nge har du gjort det?<\/strong><\/p>\n<p>Jag g\u00e5r p\u00e5 profilidrotten Dans d\u00e4r man dansar jazz av olika stilar och balett.<\/p>\n<p><strong>Vad har du f\u00f6r m\u00e5l\/dr\u00f6mmar med ditt idrottande?<\/strong><\/p>\n<p>De m\u00e5l jag har med dansen \u00e4r att jag skall f\u00e5 kunna l\u00e4ra mig olika tekniker i de olika dansstilarna samt bli mer flexibel. Jag har ju dansat sen barnsben s\u00e5 jag har stort engagemang att l\u00e4ra mig mer om b\u00e5de det praktiska men ocks\u00e5 det teoretiska (dansens historia). Mina dr\u00f6mmar \u00e4r att i framtiden kunna n\u00e4stan alla dansstilar och ut\u00f6va dem i olika l\u00e4nder d\u00e4r just den dansstilen \u00e4r som popul\u00e4rast.<\/p>\n<p><strong>Varf\u00f6r valde du V\u00e4xj\u00f6 Fria Gymnasium?<\/strong><\/p>\n<p>Jag valde V\u00e4xj\u00f6 Fria Gymnasium eftersom jag ville g\u00e5 skolan i en annan ort d\u00e4r man kan f\u00e5 se nya ansikten och f\u00e5 nya kontakter. P\u00e5 V\u00e4xj\u00f6 Fria kan man koppla sina studier med sin hobby (fotboll, hockey, dans, gymnastik och konst\u00e5kning) vilket jag tycker \u00e4r v\u00e4ldigt bra f\u00f6r att om man bor l\u00e5ngt och har dans i sin hemort och \u00e4r orolig att man inte kommer hinna p\u00e5 sin tr\u00e4ning p\u00e5 grund av busstiderna s\u00e5 kan man bara v\u00e4lja hobbyn som ett \u00e4mne h\u00e4r p\u00e5 V\u00e4xj\u00f6 Fria.<\/p>\n<p><strong>Vad \u00e4r det b\u00e4sta med att g\u00e5 p\u00e5 V\u00e4xj\u00f6 Fria?<\/strong><\/p>\n<p>Det b\u00e4sta med att g\u00e5 p\u00e5 V\u00e4xj\u00f6 Fria \u00e4r maten, l\u00e4rarna och milj\u00f6n. V\u00e4ldigt fr\u00e4sch och mycket utrymme inne i skolan (grupprum m.m.)<\/p>\n<p><strong>Har du n\u00e5got du vill skicka med till den som \u00e4r intresserad av att s\u00f6ka utbildningen? <\/strong><\/p>\n<p>Tveka inte! Det \u00e4r v\u00e4rt det. Dock det du m\u00e5ste vara beredd p\u00e5 \u00e4r att om du inte bor i V\u00e4xj\u00f6 och beh\u00f6ver pendla s\u00e5 ha starkt psyke f\u00f6r att sitta i bussen v\u00e4ldigt tidigt p\u00e5 morgonen och komma hem sent. Annars \u00e4r V\u00e4xj\u00f6 Fria allt du s\u00f6ker, du f\u00e5r b\u00e5de med dig god kunskap till vuxenlivet men ocks\u00e5 f\u00f6r du med dig din hobby.<\/p>\n","protected":false},"excerpt":{"rendered":"<p>Vilken idrott ut\u00f6var du och hur l\u00e4nge har du gjort det? Jag g\u00e5r p\u00e5 profilidrotten Dans d\u00e4r man dansar jazz av olika stilar och balett. Vad har du f\u00f6r m\u00e5l\/dr\u00f6mmar med ditt idrottande? De m\u00e5l jag har med dansen \u00e4r&#8230;<\/p>\n","protected":false},"author":85,"featured_media":0,"parent":4224,"menu_order":0,"comment_status":"closed","ping_status":"closed","template":"","meta":{"footnotes":""},"class_list":["post-9218","page","type-page","status-publish","hentry"],"acf":[],"_links":{"self":[{"href":"https:\/\/vaxjofria.se\/gymnasium\/wp-json\/wp\/v2\/pages\/9218","targetHints":{"allow":["GET"]}}],"collection":[{"href":"https:\/\/vaxjofria.se\/gymnasium\/wp-json\/wp\/v2\/pages"}],"about":[{"href":"https:\/\/vaxjofria.se\/gymnasium\/wp-json\/wp\/v2\/types\/page"}],"author":[{"embeddable":true,"href":"https:\/\/vaxjofria.se\/gymnasium\/wp-json\/wp\/v2\/users\/85"}],"replies":[{"embeddable":true,"href":"https:\/\/vaxjofria.se\/gymnasium\/wp-json\/wp\/v2\/comments?post=9218"}],"version-history":[{"count":5,"href":"https:\/\/vaxjofria.se\/gymnasium\/wp-json\/wp\/v2\/pages\/9218\/revisions"}],"predecessor-version":[{"id":9844,"href":"https:\/\/vaxjofria.se\/gymnasium\/wp-json\/wp\/v2\/pages\/9218\/revisions\/9844"}],"up":[{"embeddable":true,"href":"https:\/\/vaxjofria.se\/gymnasium\/wp-json\/wp\/v2\/pages\/4224"}],"wp:attachment":[{"href":"https:\/\/vaxjofria.se\/gymnasium\/wp-json\/wp\/v2\/media?parent=9218"}],"curies":[{"name":"wp","href":"https:\/\/api.w.org\/{rel}","templated":true}]}}